{"id":70,"date":"2017-03-03T19:31:19","date_gmt":"2017-03-03T18:31:19","guid":{"rendered":"http:\/\/carolinedartiailh.com\/?page_id=70"},"modified":"2019-05-29T17:23:22","modified_gmt":"2019-05-29T15:23:22","slug":"web","status":"publish","type":"page","link":"https:\/\/carolinedartiailh.com\/index.php\/web\/","title":{"rendered":"presse"},"content":{"rendered":"<p><code>\t\t\t<div class=\"jetpack-portfolio-shortcode column-2\">\n\t\t\t\t\t\t\t<div class=\"portfolio-entry portfolio-entry-column-2 type-presse portfolio-entry-mobile-first-item-row portfolio-entry-first-item-row\">\n\t\t\t\t\t<header class=\"portfolio-entry-header\">\n\t\t\t\t\t<a class=\"portfolio-featured-image\" href=\"https:\/\/carolinedartiailh.com\/index.php\/portfolio\/revue-matin-azur\/\"><img width=\"840\" height=\"555\" src=\"https:\/\/i0.wp.com\/carolinedartiailh.com\/wp-content\/uploads\/2019\/05\/sirene.jpg?fit=840%2C555&amp;ssl=1\" class=\"attachment-large size-large wp-post-image\" alt=\"\" decoding=\"async\" loading=\"lazy\" srcset=\"https:\/\/i0.wp.com\/carolinedartiailh.com\/wp-content\/uploads\/2019\/05\/sirene.jpg?w=4016&amp;ssl=1 4016w, https:\/\/i0.wp.com\/carolinedartiailh.com\/wp-content\/uploads\/2019\/05\/sirene.jpg?resize=150%2C99&amp;ssl=1 150w, https:\/\/i0.wp.com\/carolinedartiailh.com\/wp-content\/uploads\/2019\/05\/sirene.jpg?resize=300%2C198&amp;ssl=1 300w, https:\/\/i0.wp.com\/carolinedartiailh.com\/wp-content\/uploads\/2019\/05\/sirene.jpg?resize=768%2C508&amp;ssl=1 768w, https:\/\/i0.wp.com\/carolinedartiailh.com\/wp-content\/uploads\/2019\/05\/sirene.jpg?resize=1024%2C677&amp;ssl=1 1024w, https:\/\/i0.wp.com\/carolinedartiailh.com\/wp-content\/uploads\/2019\/05\/sirene.jpg?resize=800%2C529&amp;ssl=1 800w, https:\/\/i0.wp.com\/carolinedartiailh.com\/wp-content\/uploads\/2019\/05\/sirene.jpg?resize=272%2C180&amp;ssl=1 272w, https:\/\/i0.wp.com\/carolinedartiailh.com\/wp-content\/uploads\/2019\/05\/sirene.jpg?w=1680 1680w, https:\/\/i0.wp.com\/carolinedartiailh.com\/wp-content\/uploads\/2019\/05\/sirene.jpg?w=2520 2520w\" sizes=\"(max-width: 840px) 100vw, 840px\" data-attachment-id=\"276\" data-permalink=\"https:\/\/carolinedartiailh.com\/index.php\/portfolio\/revue-matin-azur\/sirene-2\/\" data-orig-file=\"https:\/\/i0.wp.com\/carolinedartiailh.com\/wp-content\/uploads\/2019\/05\/sirene.jpg?fit=4016%2C2657&amp;ssl=1\" data-orig-size=\"4016,2657\" data-comments-opened=\"1\" data-image-meta=\"{&quot;aperture&quot;:&quot;0&quot;,&quot;credit&quot;:&quot;&quot;,&quot;camera&quot;:&quot;&quot;,&quot;caption&quot;:&quot;&quot;,&quot;created_timestamp&quot;:&quot;0&quot;,&quot;copyright&quot;:&quot;&quot;,&quot;focal_length&quot;:&quot;0&quot;,&quot;iso&quot;:&quot;0&quot;,&quot;shutter_speed&quot;:&quot;0&quot;,&quot;title&quot;:&quot;&quot;,&quot;orientation&quot;:&quot;1&quot;}\" data-image-title=\"sirene\" data-image-description=\"\" data-image-caption=\"\" data-medium-file=\"https:\/\/i0.wp.com\/carolinedartiailh.com\/wp-content\/uploads\/2019\/05\/sirene.jpg?fit=300%2C198&amp;ssl=1\" data-large-file=\"https:\/\/i0.wp.com\/carolinedartiailh.com\/wp-content\/uploads\/2019\/05\/sirene.jpg?fit=840%2C555&amp;ssl=1\" \/><\/a>\n\t\t\t\t\t<h2 class=\"portfolio-entry-title\"><a href=\"https:\/\/carolinedartiailh.com\/index.php\/portfolio\/revue-matin-azur\/\" title=\"Revue M\u00e2tin azur\">Revue M\u00e2tin azur<\/a><\/h2>\n\n\t\t\t\t\t\t<div class=\"portfolio-entry-meta\">\n\t\t\t\t\t\t<div class=\"project-tags\"><span>Tags:<\/span> <a href=\"https:\/\/carolinedartiailh.com\/index.php\/project-tag\/presse\/\" rel=\"tag\">presse<\/a>, <a href=\"https:\/\/carolinedartiailh.com\/index.php\/project-tag\/sirene\/\" rel=\"tag\">sir\u00e8ne<\/a><\/div>\t\t\t\t\t\t<\/div>\n\n\t\t\t\t\t<\/header>\n\n\t\t\t\t\t\t\t\t\t\t<div class=\"portfolio-entry-content\"><p>Illustrations pour la revue M\u00e2tin, num\u00e9ro Azur, sorti en mai 2019 Deux dessins en bichromie noir et azur pour le deuxi\u00e8me num\u00e9ro de la revue &#8220;chromatique, b\u00e2tarde et sans collier&#8221;. www.revuematin.org &nbsp; &nbsp;<\/p>\n<\/div>\n\t\t\t\t\t\t\t\t\t\t<\/div><!-- close .portfolio-entry -->\n\t\t\t\t\t\t\t<\/div><!-- close .jetpack-portfolio -->\n\t\t\t<\/code><\/p>\n","protected":false},"excerpt":{"rendered":"","protected":false},"author":1,"featured_media":0,"parent":0,"menu_order":0,"comment_status":"closed","ping_status":"closed","template":"","meta":{"advanced_seo_description":"","jetpack_seo_html_title":"","jetpack_seo_noindex":false,"jetpack_post_was_ever_published":false},"jetpack_sharing_enabled":true,"jetpack_shortlink":"https:\/\/wp.me\/P8sMxR-18","jetpack-related-posts":[{"id":69,"url":"https:\/\/carolinedartiailh.com\/index.php\/edition\/","url_meta":{"origin":70,"position":0},"title":"\u00e9dition","date":"3 March 2017","format":false,"excerpt":"","rel":"","context":"Similar post","img":{"alt_text":"","src":"","width":0,"height":0},"classes":[]},{"id":23,"url":"https:\/\/carolinedartiailh.com\/index.php\/graphisme\/","url_meta":{"origin":70,"position":1},"title":"graphisme","date":"3 March 2017","format":false,"excerpt":"","rel":"","context":"Similar post","img":{"alt_text":"","src":"","width":0,"height":0},"classes":[]},{"id":20,"url":"https:\/\/carolinedartiailh.com\/index.php\/travaux\/","url_meta":{"origin":70,"position":2},"title":"travaux","date":"3 March 2017","format":false,"excerpt":"","rel":"","context":"Similar post","img":{"alt_text":"","src":"","width":0,"height":0},"classes":[]},{"id":62,"url":"https:\/\/carolinedartiailh.com\/index.php\/travaux\/illustrations-2\/","url_meta":{"origin":70,"position":3},"title":"illustrations","date":"3 March 2017","format":false,"excerpt":"","rel":"","context":"Similar post","img":{"alt_text":"","src":"","width":0,"height":0},"classes":[]},{"id":63,"url":"https:\/\/carolinedartiailh.com\/index.php\/bandes-dessinees\/","url_meta":{"origin":70,"position":4},"title":"bandes dessin\u00e9es","date":"3 March 2017","format":false,"excerpt":"","rel":"","context":"Similar post","img":{"alt_text":"","src":"","width":0,"height":0},"classes":[]}],"_links":{"self":[{"href":"https:\/\/carolinedartiailh.com\/index.php\/wp-json\/wp\/v2\/pages\/70"}],"collection":[{"href":"https:\/\/carolinedartiailh.com\/index.php\/wp-json\/wp\/v2\/pages"}],"about":[{"href":"https:\/\/carolinedartiailh.com\/index.php\/wp-json\/wp\/v2\/types\/page"}],"author":[{"embeddable":true,"href":"https:\/\/carolinedartiailh.com\/index.php\/wp-json\/wp\/v2\/users\/1"}],"replies":[{"embeddable":true,"href":"https:\/\/carolinedartiailh.com\/index.php\/wp-json\/wp\/v2\/comments?post=70"}],"version-history":[{"count":3,"href":"https:\/\/carolinedartiailh.com\/index.php\/wp-json\/wp\/v2\/pages\/70\/revisions"}],"predecessor-version":[{"id":291,"href":"https:\/\/carolinedartiailh.com\/index.php\/wp-json\/wp\/v2\/pages\/70\/revisions\/291"}],"wp:attachment":[{"href":"https:\/\/carolinedartiailh.com\/index.php\/wp-json\/wp\/v2\/media?parent=70"}],"curies":[{"name":"wp","href":"https:\/\/api.w.org\/{rel}","templated":true}]}}