{"id":69,"date":"2017-03-03T19:31:19","date_gmt":"2017-03-03T18:31:19","guid":{"rendered":"http:\/\/carolinedartiailh.com\/?page_id=69"},"modified":"2017-03-08T17:24:46","modified_gmt":"2017-03-08T16:24:46","slug":"edition","status":"publish","type":"page","link":"https:\/\/carolinedartiailh.com\/index.php\/edition\/","title":{"rendered":"\u00e9dition"},"content":{"rendered":"<p><code>\t\t\t<div class=\"jetpack-portfolio-shortcode column-2\">\n\t\t\t\t\t\t\t<div class=\"portfolio-entry portfolio-entry-column-2 type-livre portfolio-entry-mobile-first-item-row portfolio-entry-first-item-row\">\n\t\t\t\t\t<header class=\"portfolio-entry-header\">\n\t\t\t\t\t<a class=\"portfolio-featured-image\" href=\"https:\/\/carolinedartiailh.com\/index.php\/portfolio\/168\/\"><img width=\"332\" height=\"512\" src=\"https:\/\/i0.wp.com\/carolinedartiailh.com\/wp-content\/uploads\/2017\/03\/faune_couv_a.jpg?fit=332%2C512&amp;ssl=1\" class=\"attachment-large size-large wp-post-image\" alt=\"\" decoding=\"async\" loading=\"lazy\" srcset=\"https:\/\/i0.wp.com\/carolinedartiailh.com\/wp-content\/uploads\/2017\/03\/faune_couv_a.jpg?w=332&amp;ssl=1 332w, https:\/\/i0.wp.com\/carolinedartiailh.com\/wp-content\/uploads\/2017\/03\/faune_couv_a.jpg?resize=195%2C300&amp;ssl=1 195w, https:\/\/i0.wp.com\/carolinedartiailh.com\/wp-content\/uploads\/2017\/03\/faune_couv_a.jpg?resize=117%2C180&amp;ssl=1 117w\" sizes=\"(max-width: 332px) 100vw, 332px\" data-attachment-id=\"159\" data-permalink=\"https:\/\/carolinedartiailh.com\/index.php\/portfolio\/168\/faune_couv_a\/\" data-orig-file=\"https:\/\/i0.wp.com\/carolinedartiailh.com\/wp-content\/uploads\/2017\/03\/faune_couv_a.jpg?fit=332%2C512&amp;ssl=1\" data-orig-size=\"332,512\" data-comments-opened=\"1\" data-image-meta=\"{&quot;aperture&quot;:&quot;0&quot;,&quot;credit&quot;:&quot;&quot;,&quot;camera&quot;:&quot;&quot;,&quot;caption&quot;:&quot;&quot;,&quot;created_timestamp&quot;:&quot;0&quot;,&quot;copyright&quot;:&quot;&quot;,&quot;focal_length&quot;:&quot;0&quot;,&quot;iso&quot;:&quot;0&quot;,&quot;shutter_speed&quot;:&quot;0&quot;,&quot;title&quot;:&quot;&quot;,&quot;orientation&quot;:&quot;0&quot;}\" data-image-title=\"faune_couv_a\" data-image-description=\"\" data-image-caption=\"\" data-medium-file=\"https:\/\/i0.wp.com\/carolinedartiailh.com\/wp-content\/uploads\/2017\/03\/faune_couv_a.jpg?fit=195%2C300&amp;ssl=1\" data-large-file=\"https:\/\/i0.wp.com\/carolinedartiailh.com\/wp-content\/uploads\/2017\/03\/faune_couv_a.jpg?fit=332%2C512&amp;ssl=1\" \/><\/a>\n\t\t\t\t\t<h2 class=\"portfolio-entry-title\"><a href=\"https:\/\/carolinedartiailh.com\/index.php\/portfolio\/168\/\" title=\"La Faune parisienne\">La Faune parisienne<\/a><\/h2>\n\n\t\t\t\t\t\t<div class=\"portfolio-entry-meta\">\n\t\t\t\t\t\t<div class=\"project-tags\"><span>Tags:<\/span> <a href=\"https:\/\/carolinedartiailh.com\/index.php\/project-tag\/edition\/\" rel=\"tag\">\u00e9dition<\/a>, <a href=\"https:\/\/carolinedartiailh.com\/index.php\/project-tag\/guide\/\" rel=\"tag\">guide<\/a>, <a href=\"https:\/\/carolinedartiailh.com\/index.php\/project-tag\/livre\/\" rel=\"tag\">livre<\/a>, <a href=\"https:\/\/carolinedartiailh.com\/index.php\/project-tag\/paris\/\" rel=\"tag\">Paris<\/a><\/div>\t\t\t\t\t\t<\/div>\n\n\t\t\t\t\t<\/header>\n\n\t\t\t\t\t\t\t\t\t\t<div class=\"portfolio-entry-content\"><p>La Faune parisienne : Paris par tribus, le guide textes de Laure Didry \u00e9ditions Intervalles novembre 2016 128 pages N\u00b0 ISBN : 978-2-36956-048-7 &#8220;\u00c0 Paris s\u00e9vit la guerre des clans. Bobo-baba en veste The Kooples et t-shirt H&amp;M, chercheur bigleux en attente de relooking, f\u00eatard intempestif et militant \u00e9cologique se croisent dans les rues et&hellip;<\/p>\n<\/div>\n\t\t\t\t\t\t\t\t\t\t<\/div><!-- close .portfolio-entry -->\n\t\t\t\t\t\t\t\t<div class=\"portfolio-entry portfolio-entry-column-2 type-livre portfolio-entry-mobile-last-item-row portfolio-entry-last-item-row\">\n\t\t\t\t\t<header class=\"portfolio-entry-header\">\n\t\t\t\t\t<a class=\"portfolio-featured-image\" href=\"https:\/\/carolinedartiailh.com\/index.php\/portfolio\/cahier-dexercices-anglais-pour-les-nuls\/\"><img width=\"719\" height=\"1024\" src=\"https:\/\/i0.wp.com\/carolinedartiailh.com\/wp-content\/uploads\/2017\/09\/anglais071.jpg?fit=719%2C1024&amp;ssl=1\" class=\"attachment-large size-large wp-post-image\" alt=\"\" decoding=\"async\" loading=\"lazy\" srcset=\"https:\/\/i0.wp.com\/carolinedartiailh.com\/wp-content\/uploads\/2017\/09\/anglais071.jpg?w=2008&amp;ssl=1 2008w, https:\/\/i0.wp.com\/carolinedartiailh.com\/wp-content\/uploads\/2017\/09\/anglais071.jpg?resize=105%2C150&amp;ssl=1 105w, https:\/\/i0.wp.com\/carolinedartiailh.com\/wp-content\/uploads\/2017\/09\/anglais071.jpg?resize=211%2C300&amp;ssl=1 211w, https:\/\/i0.wp.com\/carolinedartiailh.com\/wp-content\/uploads\/2017\/09\/anglais071.jpg?resize=768%2C1094&amp;ssl=1 768w, https:\/\/i0.wp.com\/carolinedartiailh.com\/wp-content\/uploads\/2017\/09\/anglais071.jpg?resize=719%2C1024&amp;ssl=1 719w, https:\/\/i0.wp.com\/carolinedartiailh.com\/wp-content\/uploads\/2017\/09\/anglais071.jpg?resize=800%2C1139&amp;ssl=1 800w, https:\/\/i0.wp.com\/carolinedartiailh.com\/wp-content\/uploads\/2017\/09\/anglais071.jpg?resize=126%2C180&amp;ssl=1 126w, https:\/\/i0.wp.com\/carolinedartiailh.com\/wp-content\/uploads\/2017\/09\/anglais071.jpg?w=1680 1680w\" sizes=\"(max-width: 719px) 100vw, 719px\" data-attachment-id=\"204\" data-permalink=\"https:\/\/carolinedartiailh.com\/anglais071\/\" data-orig-file=\"https:\/\/i0.wp.com\/carolinedartiailh.com\/wp-content\/uploads\/2017\/09\/anglais071.jpg?fit=2008%2C2860&amp;ssl=1\" data-orig-size=\"2008,2860\" data-comments-opened=\"1\" data-image-meta=\"{&quot;aperture&quot;:&quot;0&quot;,&quot;credit&quot;:&quot;&quot;,&quot;camera&quot;:&quot;&quot;,&quot;caption&quot;:&quot;&quot;,&quot;created_timestamp&quot;:&quot;0&quot;,&quot;copyright&quot;:&quot;&quot;,&quot;focal_length&quot;:&quot;0&quot;,&quot;iso&quot;:&quot;0&quot;,&quot;shutter_speed&quot;:&quot;0&quot;,&quot;title&quot;:&quot;&quot;,&quot;orientation&quot;:&quot;1&quot;}\" data-image-title=\"anglais071\" data-image-description=\"\" data-image-caption=\"\" data-medium-file=\"https:\/\/i0.wp.com\/carolinedartiailh.com\/wp-content\/uploads\/2017\/09\/anglais071.jpg?fit=211%2C300&amp;ssl=1\" data-large-file=\"https:\/\/i0.wp.com\/carolinedartiailh.com\/wp-content\/uploads\/2017\/09\/anglais071.jpg?fit=719%2C1024&amp;ssl=1\" \/><\/a>\n\t\t\t\t\t<h2 class=\"portfolio-entry-title\"><a href=\"https:\/\/carolinedartiailh.com\/index.php\/portfolio\/cahier-dexercices-anglais-pour-les-nuls\/\" title=\"Cahier d&#8217;exercices anglais pour les nuls\">Cahier d&#8217;exercices anglais pour les nuls<\/a><\/h2>\n\n\t\t\t\t\t\t<div class=\"portfolio-entry-meta\">\n\t\t\t\t\t\t<div class=\"project-tags\"><span>Tags:<\/span> <a href=\"https:\/\/carolinedartiailh.com\/index.php\/project-tag\/cahier\/\" rel=\"tag\">cahier<\/a>, <a href=\"https:\/\/carolinedartiailh.com\/index.php\/project-tag\/edition\/\" rel=\"tag\">\u00e9dition<\/a>, <a href=\"https:\/\/carolinedartiailh.com\/index.php\/project-tag\/livre\/\" rel=\"tag\">livre<\/a><\/div>\t\t\t\t\t\t<\/div>\n\n\t\t\t\t\t<\/header>\n\n\t\t\t\t\t\t\t\t\t\t<div class=\"portfolio-entry-content\"><p>Illustrations pour Cahier d&#8217;exercices anglais pour les nuls de Claire Costello \u00e9ditions First ao\u00fbt 2017 184 pages N\u00b0 ISBN : 978-2-75408-936-4 Deux illustrations . https:\/\/www.pourlesnuls.fr\/livres\/langues\/cahier-d-exercices-anglais-debutant-faux-debutant-pour-les-nuls-grand-format \u00a0<\/p>\n<\/div>\n\t\t\t\t\t\t\t\t\t\t<\/div><!-- close .portfolio-entry -->\n\t\t\t\t\t\t\t<\/div><!-- close .jetpack-portfolio -->\n\t\t\t<\/code><\/p>\n","protected":false},"excerpt":{"rendered":"","protected":false},"author":1,"featured_media":0,"parent":0,"menu_order":0,"comment_status":"closed","ping_status":"closed","template":"","meta":{"advanced_seo_description":"","jetpack_seo_html_title":"","jetpack_seo_noindex":false,"jetpack_post_was_ever_published":false},"jetpack_sharing_enabled":true,"jetpack_shortlink":"https:\/\/wp.me\/P8sMxR-17","jetpack-related-posts":[{"id":70,"url":"https:\/\/carolinedartiailh.com\/index.php\/web\/","url_meta":{"origin":69,"position":0},"title":"presse","date":"3 March 2017","format":false,"excerpt":"","rel":"","context":"Similar post","img":{"alt_text":"","src":"","width":0,"height":0},"classes":[]},{"id":23,"url":"https:\/\/carolinedartiailh.com\/index.php\/graphisme\/","url_meta":{"origin":69,"position":1},"title":"graphisme","date":"3 March 2017","format":false,"excerpt":"","rel":"","context":"Similar post","img":{"alt_text":"","src":"","width":0,"height":0},"classes":[]},{"id":20,"url":"https:\/\/carolinedartiailh.com\/index.php\/travaux\/","url_meta":{"origin":69,"position":2},"title":"travaux","date":"3 March 2017","format":false,"excerpt":"","rel":"","context":"Similar post","img":{"alt_text":"","src":"","width":0,"height":0},"classes":[]},{"id":62,"url":"https:\/\/carolinedartiailh.com\/index.php\/travaux\/illustrations-2\/","url_meta":{"origin":69,"position":3},"title":"illustrations","date":"3 March 2017","format":false,"excerpt":"","rel":"","context":"Similar post","img":{"alt_text":"","src":"","width":0,"height":0},"classes":[]},{"id":63,"url":"https:\/\/carolinedartiailh.com\/index.php\/bandes-dessinees\/","url_meta":{"origin":69,"position":4},"title":"bandes dessin\u00e9es","date":"3 March 2017","format":false,"excerpt":"","rel":"","context":"Similar post","img":{"alt_text":"","src":"","width":0,"height":0},"classes":[]}],"_links":{"self":[{"href":"https:\/\/carolinedartiailh.com\/index.php\/wp-json\/wp\/v2\/pages\/69"}],"collection":[{"href":"https:\/\/carolinedartiailh.com\/index.php\/wp-json\/wp\/v2\/pages"}],"about":[{"href":"https:\/\/carolinedartiailh.com\/index.php\/wp-json\/wp\/v2\/types\/page"}],"author":[{"embeddable":true,"href":"https:\/\/carolinedartiailh.com\/index.php\/wp-json\/wp\/v2\/users\/1"}],"replies":[{"embeddable":true,"href":"https:\/\/carolinedartiailh.com\/index.php\/wp-json\/wp\/v2\/comments?post=69"}],"version-history":[{"count":3,"href":"https:\/\/carolinedartiailh.com\/index.php\/wp-json\/wp\/v2\/pages\/69\/revisions"}],"predecessor-version":[{"id":171,"href":"https:\/\/carolinedartiailh.com\/index.php\/wp-json\/wp\/v2\/pages\/69\/revisions\/171"}],"wp:attachment":[{"href":"https:\/\/carolinedartiailh.com\/index.php\/wp-json\/wp\/v2\/media?parent=69"}],"curies":[{"name":"wp","href":"https:\/\/api.w.org\/{rel}","templated":true}]}}