{"id":63,"date":"2017-03-03T19:30:00","date_gmt":"2017-03-03T18:30:00","guid":{"rendered":"http:\/\/carolinedartiailh.com\/?page_id=63"},"modified":"2017-03-04T15:03:24","modified_gmt":"2017-03-04T14:03:24","slug":"bandes-dessinees","status":"publish","type":"page","link":"https:\/\/carolinedartiailh.com\/index.php\/bandes-dessinees\/","title":{"rendered":"bandes dessin\u00e9es"},"content":{"rendered":"<p><code>\t\t\t<div class=\"jetpack-portfolio-shortcode column-2\">\n\t\t\t\t\t\t\t<div class=\"portfolio-entry portfolio-entry-column-2 type-bd portfolio-entry-mobile-first-item-row portfolio-entry-first-item-row\">\n\t\t\t\t\t<header class=\"portfolio-entry-header\">\n\t\t\t\t\t<a class=\"portfolio-featured-image\" href=\"https:\/\/carolinedartiailh.com\/index.php\/portfolio\/chuckwalla-projet-bd\/\"><img width=\"724\" height=\"1024\" src=\"https:\/\/i0.wp.com\/carolinedartiailh.com\/wp-content\/uploads\/2017\/03\/chuckwalla_projet-1.jpg?fit=724%2C1024&amp;ssl=1\" class=\"attachment-large size-large wp-post-image\" alt=\"\" decoding=\"async\" loading=\"lazy\" srcset=\"https:\/\/i0.wp.com\/carolinedartiailh.com\/wp-content\/uploads\/2017\/03\/chuckwalla_projet-1.jpg?w=2480&amp;ssl=1 2480w, https:\/\/i0.wp.com\/carolinedartiailh.com\/wp-content\/uploads\/2017\/03\/chuckwalla_projet-1.jpg?resize=212%2C300&amp;ssl=1 212w, https:\/\/i0.wp.com\/carolinedartiailh.com\/wp-content\/uploads\/2017\/03\/chuckwalla_projet-1.jpg?resize=768%2C1086&amp;ssl=1 768w, https:\/\/i0.wp.com\/carolinedartiailh.com\/wp-content\/uploads\/2017\/03\/chuckwalla_projet-1.jpg?resize=724%2C1024&amp;ssl=1 724w, https:\/\/i0.wp.com\/carolinedartiailh.com\/wp-content\/uploads\/2017\/03\/chuckwalla_projet-1.jpg?resize=800%2C1132&amp;ssl=1 800w, https:\/\/i0.wp.com\/carolinedartiailh.com\/wp-content\/uploads\/2017\/03\/chuckwalla_projet-1.jpg?resize=127%2C180&amp;ssl=1 127w, https:\/\/i0.wp.com\/carolinedartiailh.com\/wp-content\/uploads\/2017\/03\/chuckwalla_projet-1.jpg?w=1680 1680w\" sizes=\"(max-width: 724px) 100vw, 724px\" data-attachment-id=\"172\" data-permalink=\"https:\/\/carolinedartiailh.com\/index.php\/portfolio\/chuckwalla-projet-bd\/chuckwalla_projet-1\/\" data-orig-file=\"https:\/\/i0.wp.com\/carolinedartiailh.com\/wp-content\/uploads\/2017\/03\/chuckwalla_projet-1.jpg?fit=2480%2C3508&amp;ssl=1\" data-orig-size=\"2480,3508\" data-comments-opened=\"1\" data-image-meta=\"{&quot;aperture&quot;:&quot;0&quot;,&quot;credit&quot;:&quot;&quot;,&quot;camera&quot;:&quot;&quot;,&quot;caption&quot;:&quot;&quot;,&quot;created_timestamp&quot;:&quot;0&quot;,&quot;copyright&quot;:&quot;&quot;,&quot;focal_length&quot;:&quot;0&quot;,&quot;iso&quot;:&quot;0&quot;,&quot;shutter_speed&quot;:&quot;0&quot;,&quot;title&quot;:&quot;&quot;,&quot;orientation&quot;:&quot;1&quot;}\" data-image-title=\"chuckwalla_projet-1\" data-image-description=\"\" data-image-caption=\"\" data-medium-file=\"https:\/\/i0.wp.com\/carolinedartiailh.com\/wp-content\/uploads\/2017\/03\/chuckwalla_projet-1.jpg?fit=212%2C300&amp;ssl=1\" data-large-file=\"https:\/\/i0.wp.com\/carolinedartiailh.com\/wp-content\/uploads\/2017\/03\/chuckwalla_projet-1.jpg?fit=724%2C1024&amp;ssl=1\" \/><\/a>\n\t\t\t\t\t<h2 class=\"portfolio-entry-title\"><a href=\"https:\/\/carolinedartiailh.com\/index.php\/portfolio\/chuckwalla-projet-bd\/\" title=\"Chuckwalla, projet BD\">Chuckwalla, projet BD<\/a><\/h2>\n\n\t\t\t\t\t\t<div class=\"portfolio-entry-meta\">\n\t\t\t\t\t\t<div class=\"project-types\"><span>Types:<\/span> <a href=\"https:\/\/carolinedartiailh.com\/index.php\/project-type\/bd\/\" rel=\"tag\">bd<\/a><\/div>\t\t\t\t\t\t<\/div>\n\n\t\t\t\t\t<\/header>\n\n\t\t\t\t\t\t\t\t\t\t<div class=\"portfolio-entry-content\"><p>Un chuckwalla est un grand iguane qui vit dans les zones d\u00e9sertiques des \u00c9tats Unis et du Mexique. On peut notamment le trouver dans l\u2019\u00c9tat du Nevada, o\u00f9 vit Marilyn, l\u2019h\u00e9ro\u00efne de cette bande dessin\u00e9e. Marilyn a une vie assez moche, entre le salon de coiffure o\u00f9 elle travaille et la petite caravane dans le&hellip;<\/p>\n<\/div>\n\t\t\t\t\t\t\t\t\t\t<\/div><!-- close .portfolio-entry -->\n\t\t\t\t\t\t\t<\/div><!-- close .jetpack-portfolio -->\n\t\t\t<\/code><\/p>\n","protected":false},"excerpt":{"rendered":"","protected":false},"author":1,"featured_media":0,"parent":0,"menu_order":0,"comment_status":"closed","ping_status":"closed","template":"page-templates\/portfolio-page.php","meta":{"advanced_seo_description":"","jetpack_seo_html_title":"","jetpack_seo_noindex":false,"jetpack_post_was_ever_published":false},"jetpack_sharing_enabled":true,"jetpack_shortlink":"https:\/\/wp.me\/P8sMxR-11","jetpack-related-posts":[{"id":20,"url":"https:\/\/carolinedartiailh.com\/index.php\/travaux\/","url_meta":{"origin":63,"position":0},"title":"travaux","date":"3 March 2017","format":false,"excerpt":"","rel":"","context":"Similar post","img":{"alt_text":"","src":"","width":0,"height":0},"classes":[]},{"id":69,"url":"https:\/\/carolinedartiailh.com\/index.php\/edition\/","url_meta":{"origin":63,"position":1},"title":"\u00e9dition","date":"3 March 2017","format":false,"excerpt":"","rel":"","context":"Similar post","img":{"alt_text":"","src":"","width":0,"height":0},"classes":[]},{"id":70,"url":"https:\/\/carolinedartiailh.com\/index.php\/web\/","url_meta":{"origin":63,"position":2},"title":"presse","date":"3 March 2017","format":false,"excerpt":"","rel":"","context":"Similar post","img":{"alt_text":"","src":"","width":0,"height":0},"classes":[]},{"id":23,"url":"https:\/\/carolinedartiailh.com\/index.php\/graphisme\/","url_meta":{"origin":63,"position":3},"title":"graphisme","date":"3 March 2017","format":false,"excerpt":"","rel":"","context":"Similar post","img":{"alt_text":"","src":"","width":0,"height":0},"classes":[]},{"id":62,"url":"https:\/\/carolinedartiailh.com\/index.php\/travaux\/illustrations-2\/","url_meta":{"origin":63,"position":4},"title":"illustrations","date":"3 March 2017","format":false,"excerpt":"","rel":"","context":"Similar post","img":{"alt_text":"","src":"","width":0,"height":0},"classes":[]},{"id":24,"url":"https:\/\/carolinedartiailh.com\/index.php\/a-propos\/","url_meta":{"origin":63,"position":5},"title":"\u00e0 propos","date":"3 March 2017","format":false,"excerpt":"Caroline Dartiailh a 33 ans, elle est illustratrice, lectrice de bandes dessin\u00e9es et t\u00e9l\u00e9spectatrice des pires programmes du PAF. Elle a quitt\u00e9 la terre de la chocolatine pour rejoindre la capitale du pain au chocolat il y a huit ans. \u00c0 Montmartre o\u00f9 elle habite, elle dessine au crayon et\u2026","rel":"","context":"Similar post","img":{"alt_text":"","src":"https:\/\/i0.wp.com\/carolinedartiailh.com\/wp-content\/uploads\/2017\/03\/tumblr_nyuuspv6IR1sipoxio1_500-249x300.jpg?resize=350%2C200","width":350,"height":200},"classes":[]}],"_links":{"self":[{"href":"https:\/\/carolinedartiailh.com\/index.php\/wp-json\/wp\/v2\/pages\/63"}],"collection":[{"href":"https:\/\/carolinedartiailh.com\/index.php\/wp-json\/wp\/v2\/pages"}],"about":[{"href":"https:\/\/carolinedartiailh.com\/index.php\/wp-json\/wp\/v2\/types\/page"}],"author":[{"embeddable":true,"href":"https:\/\/carolinedartiailh.com\/index.php\/wp-json\/wp\/v2\/users\/1"}],"replies":[{"embeddable":true,"href":"https:\/\/carolinedartiailh.com\/index.php\/wp-json\/wp\/v2\/comments?post=63"}],"version-history":[{"count":6,"href":"https:\/\/carolinedartiailh.com\/index.php\/wp-json\/wp\/v2\/pages\/63\/revisions"}],"predecessor-version":[{"id":127,"href":"https:\/\/carolinedartiailh.com\/index.php\/wp-json\/wp\/v2\/pages\/63\/revisions\/127"}],"wp:attachment":[{"href":"https:\/\/carolinedartiailh.com\/index.php\/wp-json\/wp\/v2\/media?parent=63"}],"curies":[{"name":"wp","href":"https:\/\/api.w.org\/{rel}","templated":true}]}}